{"id":23,"date":"2021-07-16T11:40:11","date_gmt":"2021-07-16T09:40:11","guid":{"rendered":"https:\/\/domaine-de-chantegut.com\/?page_id=23"},"modified":"2025-07-16T13:38:49","modified_gmt":"2025-07-16T11:38:49","slug":"le-domaine-viticole","status":"publish","type":"page","link":"https:\/\/domaine-de-chantegut.com\/en\/le-domaine-viticole\/","title":{"rendered":"The estate"},"content":{"rendered":"<div data-elementor-type=\"wp-page\" data-elementor-id=\"23\" class=\"elementor elementor-23\" data-elementor-post-type=\"page\">\n\t\t\t\t\t\t<section class=\"elementor-section elementor-top-section elementor-element elementor-element-866aa1e elementor-section-boxed elementor-section-height-default elementor-section-height-default\" data-id=\"866aa1e\" data-element_type=\"section\" data-e-type=\"section\">\n\t\t\t\t\t\t<div class=\"elementor-container elementor-column-gap-default\">\n\t\t\t\t\t<div class=\"elementor-column elementor-col-100 elementor-top-column elementor-element elementor-element-a6ba36c\" data-id=\"a6ba36c\" data-element_type=\"column\" data-e-type=\"column\">\n\t\t\t<div class=\"elementor-widget-wrap elementor-element-populated\">\n\t\t\t\t\t\t<div class=\"elementor-element elementor-element-d6b0f5e elementor-widget elementor-widget-heading\" data-id=\"d6b0f5e\" data-element_type=\"widget\" data-e-type=\"widget\" data-widget_type=\"heading.default\">\n\t\t\t\t<div class=\"elementor-widget-container\">\n\t\t\t\t\t<h1 class=\"elementor-heading-title elementor-size-default\">L'histoire d'un&nbsp;domaine,<br><\/h1>\t\t\t\t<\/div>\n\t\t\t\t<\/div>\n\t\t\t\t\t<\/div>\n\t\t<\/div>\n\t\t\t\t\t<\/div>\n\t\t<\/section>\n\t\t\t\t<section class=\"elementor-section elementor-top-section elementor-element elementor-element-55aec5c elementor-reverse-tablet elementor-reverse-mobile elementor-section-boxed elementor-section-height-default elementor-section-height-default\" data-id=\"55aec5c\" data-element_type=\"section\" data-e-type=\"section\">\n\t\t\t\t\t\t<div class=\"elementor-container elementor-column-gap-default\">\n\t\t\t\t\t<div class=\"elementor-column elementor-col-50 elementor-top-column elementor-element elementor-element-8fd2087\" data-id=\"8fd2087\" data-element_type=\"column\" data-e-type=\"column\">\n\t\t\t<div class=\"elementor-widget-wrap elementor-element-populated\">\n\t\t\t\t\t\t<div class=\"elementor-element elementor-element-43a60e2 elementor-widget elementor-widget-heading\" data-id=\"43a60e2\" data-element_type=\"widget\" data-e-type=\"widget\" data-widget_type=\"heading.default\">\n\t\t\t\t<div class=\"elementor-widget-container\">\n\t\t\t\t\t<h2 class=\"elementor-heading-title elementor-size-default\">The wine cellar<\/h2>\t\t\t\t<\/div>\n\t\t\t\t<\/div>\n\t\t\t\t<div class=\"elementor-element elementor-element-ad60e94 elementor-widget elementor-widget-heading\" data-id=\"ad60e94\" data-element_type=\"widget\" data-e-type=\"widget\" data-widget_type=\"heading.default\">\n\t\t\t\t<div class=\"elementor-widget-container\">\n\t\t\t\t\t<p class=\"elementor-heading-title elementor-size-default\">An old silk farm\u2026<br>\n    \u2026From silkworm to wine glasses<\/p>\t\t\t\t<\/div>\n\t\t\t\t<\/div>\n\t\t\t\t<div class=\"elementor-element elementor-element-da405bf elementor-widget elementor-widget-heading\" data-id=\"da405bf\" data-element_type=\"widget\" data-e-type=\"widget\" data-widget_type=\"heading.default\">\n\t\t\t\t<div class=\"elementor-widget-container\">\n\t\t\t\t\t<p class=\"elementor-heading-title elementor-size-default\">Ask around what a \"Magnaneraie\" is and only a few people will be able to answer. This type of building is linked to an activity that hasn't been practiced in France for a long time : the breeding of silkworms! <\/p>\t\t\t\t<\/div>\n\t\t\t\t<\/div>\n\t\t\t\t<div class=\"elementor-element elementor-element-ca088ef elementor-widget elementor-widget-heading\" data-id=\"ca088ef\" data-element_type=\"widget\" data-e-type=\"widget\" data-widget_type=\"heading.default\">\n\t\t\t\t<div class=\"elementor-widget-container\">\n\t\t\t\t\t<p class=\"elementor-heading-title elementor-size-default\">\"Like in these cocoons from \nwhich emerged butterflies, \nour wines transform in their tanks \nto come out metamorphosed...\"<\/p>\t\t\t\t<\/div>\n\t\t\t\t<\/div>\n\t\t\t\t\t<\/div>\n\t\t<\/div>\n\t\t\t\t<div class=\"elementor-column elementor-col-50 elementor-top-column elementor-element elementor-element-e499c27\" data-id=\"e499c27\" data-element_type=\"column\" data-e-type=\"column\">\n\t\t\t<div class=\"elementor-widget-wrap elementor-element-populated\">\n\t\t\t\t\t\t<div class=\"elementor-element elementor-element-470d505 elementor-widget elementor-widget-image\" data-id=\"470d505\" data-element_type=\"widget\" data-e-type=\"widget\" data-widget_type=\"image.default\">\n\t\t\t\t<div class=\"elementor-widget-container\">\n\t\t\t\t\t\t\t\t\t\t\t\t\t\t\t<img fetchpriority=\"high\" decoding=\"async\" width=\"800\" height=\"561\" src=\"https:\/\/domaine-de-chantegut.com\/wp-content\/uploads\/2021\/07\/petit-domaine.jpg\" class=\"attachment-large size-large wp-image-804\" alt=\"Domaine de chantegut - La magnaneraie\" srcset=\"https:\/\/domaine-de-chantegut.com\/wp-content\/uploads\/2021\/07\/petit-domaine.jpg 900w, https:\/\/domaine-de-chantegut.com\/wp-content\/uploads\/2021\/07\/petit-domaine-300x210.jpg 300w, https:\/\/domaine-de-chantegut.com\/wp-content\/uploads\/2021\/07\/petit-domaine-600x421.jpg 600w, https:\/\/domaine-de-chantegut.com\/wp-content\/uploads\/2021\/07\/petit-domaine-768x538.jpg 768w\" sizes=\"(max-width: 800px) 100vw, 800px\" \/>\t\t\t\t\t\t\t\t\t\t\t\t\t\t\t<\/div>\n\t\t\t\t<\/div>\n\t\t\t\t\t<\/div>\n\t\t<\/div>\n\t\t\t\t\t<\/div>\n\t\t<\/section>\n\t\t\t\t<section class=\"elementor-section elementor-top-section elementor-element elementor-element-752024c elementor-section-boxed elementor-section-height-default elementor-section-height-default\" data-id=\"752024c\" data-element_type=\"section\" data-e-type=\"section\">\n\t\t\t\t\t\t<div class=\"elementor-container elementor-column-gap-default\">\n\t\t\t\t\t<div class=\"elementor-column elementor-col-50 elementor-top-column elementor-element elementor-element-39d6554\" data-id=\"39d6554\" data-element_type=\"column\" data-e-type=\"column\">\n\t\t\t<div class=\"elementor-widget-wrap elementor-element-populated\">\n\t\t\t\t\t\t<div class=\"elementor-element elementor-element-44a1a12 elementor-widget elementor-widget-image\" data-id=\"44a1a12\" data-element_type=\"widget\" data-e-type=\"widget\" data-widget_type=\"image.default\">\n\t\t\t\t<div class=\"elementor-widget-container\">\n\t\t\t\t\t\t\t\t\t\t\t\t\t\t\t<img decoding=\"async\" width=\"500\" height=\"554\" src=\"https:\/\/domaine-de-chantegut.com\/wp-content\/uploads\/2021\/07\/boutique.jpg\" class=\"attachment-large size-large wp-image-826\" alt=\"Boutique Domaine de Chantegut\" srcset=\"https:\/\/domaine-de-chantegut.com\/wp-content\/uploads\/2021\/07\/boutique.jpg 500w, https:\/\/domaine-de-chantegut.com\/wp-content\/uploads\/2021\/07\/boutique-300x332.jpg 300w, https:\/\/domaine-de-chantegut.com\/wp-content\/uploads\/2021\/07\/boutique-271x300.jpg 271w\" sizes=\"(max-width: 500px) 100vw, 500px\" \/>\t\t\t\t\t\t\t\t\t\t\t\t\t\t\t<\/div>\n\t\t\t\t<\/div>\n\t\t\t\t\t<\/div>\n\t\t<\/div>\n\t\t\t\t<div class=\"elementor-column elementor-col-50 elementor-top-column elementor-element elementor-element-ff361e9 elementor-invisible\" data-id=\"ff361e9\" data-element_type=\"column\" data-e-type=\"column\" data-settings=\"{&quot;animation&quot;:&quot;fadeInRight&quot;}\">\n\t\t\t<div class=\"elementor-widget-wrap elementor-element-populated\">\n\t\t\t\t\t\t<div class=\"elementor-element elementor-element-1ebca8a elementor-widget elementor-widget-heading\" data-id=\"1ebca8a\" data-element_type=\"widget\" data-e-type=\"widget\" data-widget_type=\"heading.default\">\n\t\t\t\t<div class=\"elementor-widget-container\">\n\t\t\t\t\t<h2 class=\"elementor-heading-title elementor-size-default\">The renovation<\/h2>\t\t\t\t<\/div>\n\t\t\t\t<\/div>\n\t\t\t\t<div class=\"elementor-element elementor-element-9ed5977 elementor-widget elementor-widget-heading\" data-id=\"9ed5977\" data-element_type=\"widget\" data-e-type=\"widget\" data-widget_type=\"heading.default\">\n\t\t\t\t<div class=\"elementor-widget-container\">\n\t\t\t\t\t<p class=\"elementor-heading-title elementor-size-default\">Our building dates back to the 17th century,<sup>&nbsp;<\/sup>almost three centuries of existence. \nSo inevitably, it was necessary to give it a little refreshing \nso that it could continue to stand with us and host events on the estate.<\/p>\t\t\t\t<\/div>\n\t\t\t\t<\/div>\n\t\t\t\t<div class=\"elementor-element elementor-element-2c9756d elementor-widget elementor-widget-heading\" data-id=\"2c9756d\" data-element_type=\"widget\" data-e-type=\"widget\" data-widget_type=\"heading.default\">\n\t\t\t\t<div class=\"elementor-widget-container\">\n\t\t\t\t\t<p class=\"elementor-heading-title elementor-size-default\"><a class=\"dore\" href=\"\/en\/boutique\/\">accedez \u00e0 la Boutique <\/a><\/p>\t\t\t\t<\/div>\n\t\t\t\t<\/div>\n\t\t\t\t\t<\/div>\n\t\t<\/div>\n\t\t\t\t\t<\/div>\n\t\t<\/section>\n\t\t\t\t<section class=\"elementor-section elementor-top-section elementor-element elementor-element-428c5eb elementor-section-boxed elementor-section-height-default elementor-section-height-default\" data-id=\"428c5eb\" data-element_type=\"section\" data-e-type=\"section\">\n\t\t\t\t\t\t<div class=\"elementor-container elementor-column-gap-default\">\n\t\t\t\t\t<div class=\"elementor-column elementor-col-100 elementor-top-column elementor-element elementor-element-a7e4043\" data-id=\"a7e4043\" data-element_type=\"column\" data-e-type=\"column\">\n\t\t\t<div class=\"elementor-widget-wrap elementor-element-populated\">\n\t\t\t\t\t\t<div class=\"elementor-element elementor-element-3f6a197 elementor-widget elementor-widget-heading\" data-id=\"3f6a197\" data-element_type=\"widget\" data-e-type=\"widget\" data-widget_type=\"heading.default\">\n\t\t\t\t<div class=\"elementor-widget-container\">\n\t\t\t\t\t<h2 class=\"elementor-heading-title elementor-size-default\">By your side, or nothing at all<\/h2>\t\t\t\t<\/div>\n\t\t\t\t<\/div>\n\t\t\t\t<div class=\"elementor-element elementor-element-fed6a5c elementor-widget elementor-widget-heading\" data-id=\"fed6a5c\" data-element_type=\"widget\" data-e-type=\"widget\" data-widget_type=\"heading.default\">\n\t\t\t\t<div class=\"elementor-widget-container\">\n\t\t\t\t\t<p class=\"elementor-heading-title elementor-size-default\">Events that make the community throb<\/p>\t\t\t\t<\/div>\n\t\t\t\t<\/div>\n\t\t\t\t<section class=\"elementor-section elementor-inner-section elementor-element elementor-element-525cc16 elementor-section-boxed elementor-section-height-default elementor-section-height-default\" data-id=\"525cc16\" data-element_type=\"section\" data-e-type=\"section\">\n\t\t\t\t\t\t<div class=\"elementor-container elementor-column-gap-default\">\n\t\t\t\t\t<div class=\"elementor-column elementor-col-50 elementor-inner-column elementor-element elementor-element-2a71f9b elementor-invisible\" data-id=\"2a71f9b\" data-element_type=\"column\" data-e-type=\"column\" data-settings=\"{&quot;animation&quot;:&quot;fadeInRight&quot;}\">\n\t\t\t<div class=\"elementor-widget-wrap elementor-element-populated\">\n\t\t\t\t\t\t<div class=\"elementor-element elementor-element-3ec9ec5 elementor-widget elementor-widget-heading\" data-id=\"3ec9ec5\" data-element_type=\"widget\" data-e-type=\"widget\" data-widget_type=\"heading.default\">\n\t\t\t\t<div class=\"elementor-widget-container\">\n\t\t\t\t\t<p class=\"elementor-heading-title elementor-size-default\">At the estate<\/p>\t\t\t\t<\/div>\n\t\t\t\t<\/div>\n\t\t\t\t<div class=\"elementor-element elementor-element-719a462 elementor-widget elementor-widget-heading\" data-id=\"719a462\" data-element_type=\"widget\" data-e-type=\"widget\" data-widget_type=\"heading.default\">\n\t\t\t\t<div class=\"elementor-widget-container\">\n\t\t\t\t\t<p class=\"elementor-heading-title elementor-size-default\">In the cellar, the wines rest peacefully. \nMeanwhile, we party upstairs with locals and visitors, as often as possible.\n<\/p>\t\t\t\t<\/div>\n\t\t\t\t<\/div>\n\t\t\t\t<div class=\"elementor-element elementor-element-6752376 elementor-widget elementor-widget-heading\" data-id=\"6752376\" data-element_type=\"widget\" data-e-type=\"widget\" data-widget_type=\"heading.default\">\n\t\t\t\t<div class=\"elementor-widget-container\">\n\t\t\t\t\t<p class=\"elementor-heading-title elementor-size-default\">\nFor wine lovers, we organize tastings and thematic days.<\/p>\t\t\t\t<\/div>\n\t\t\t\t<\/div>\n\t\t\t\t<div class=\"elementor-element elementor-element-56cb87a elementor-align-left elementor-mobile-align-center elementor-widget elementor-widget-button\" data-id=\"56cb87a\" data-element_type=\"widget\" data-e-type=\"widget\" data-widget_type=\"button.default\">\n\t\t\t\t<div class=\"elementor-widget-container\">\n\t\t\t\t\t\t\t\t\t<div class=\"elementor-button-wrapper\">\n\t\t\t\t\t<a class=\"elementor-button elementor-button-link elementor-size-sm\" href=\"https:\/\/domaine-de-chantegut.com\/en\/lactualite\/\">\n\t\t\t\t\t\t<span class=\"elementor-button-content-wrapper\">\n\t\t\t\t\t\t\t\t\t<span class=\"elementor-button-text\">Our next dates<\/span>\n\t\t\t\t\t<\/span>\n\t\t\t\t\t<\/a>\n\t\t\t\t<\/div>\n\t\t\t\t\t\t\t\t<\/div>\n\t\t\t\t<\/div>\n\t\t\t\t\t<\/div>\n\t\t<\/div>\n\t\t\t\t<div class=\"elementor-column elementor-col-50 elementor-inner-column elementor-element elementor-element-947b67d\" data-id=\"947b67d\" data-element_type=\"column\" data-e-type=\"column\">\n\t\t\t<div class=\"elementor-widget-wrap elementor-element-populated\">\n\t\t\t\t\t\t<div class=\"elementor-element elementor-element-bc450b8 elementor-widget elementor-widget-image\" data-id=\"bc450b8\" data-element_type=\"widget\" data-e-type=\"widget\" data-widget_type=\"image.default\">\n\t\t\t\t<div class=\"elementor-widget-container\">\n\t\t\t\t\t\t\t\t\t\t\t\t\t\t\t<img decoding=\"async\" width=\"600\" height=\"446\" src=\"https:\/\/domaine-de-chantegut.com\/wp-content\/uploads\/2021\/07\/e\u0301ve\u0300nement.jpg\" class=\"attachment-large size-large wp-image-921\" alt=\"\u00c9v\u00e8nement au domaine de chantegut\" srcset=\"https:\/\/domaine-de-chantegut.com\/wp-content\/uploads\/2021\/07\/e\u0301ve\u0300nement.jpg 600w, https:\/\/domaine-de-chantegut.com\/wp-content\/uploads\/2021\/07\/e\u0301ve\u0300nement-300x223.jpg 300w\" sizes=\"(max-width: 600px) 100vw, 600px\" \/>\t\t\t\t\t\t\t\t\t\t\t\t\t\t\t<\/div>\n\t\t\t\t<\/div>\n\t\t\t\t<div class=\"elementor-element elementor-element-94a75d5 elementor-widget elementor-widget-tp-button\" data-id=\"94a75d5\" data-element_type=\"widget\" data-e-type=\"widget\" data-widget_type=\"tp-button.default\">\n\t\t\t\t<div class=\"elementor-widget-container\">\n\t\t\t\t\t<div class=\"pt-plus-button-wrapper   text-left\"><div class=\"button_parallax\" ><div id=\"button69f243715dee1\"  class=\"text-left ts-button content_hover_effect\" ><div class=\"pt_plus_button btn69f243715dea2 button-style-1\"  ><div class=\"animted-content-inner\"><a href=\"https:\/\/domaine-de-chantegut.com\/en\/actualites\/\" class=\"button-link-wrap\" role=\"button\" data-hover=\"Notre dernier \u00e9v\u00e8nement\"  >Our last event<div class=\"button_line\"><\/div><\/a><\/div><\/div><\/div><\/div><\/div>\t\t\t\t<\/div>\n\t\t\t\t<\/div>\n\t\t\t\t\t<\/div>\n\t\t<\/div>\n\t\t\t\t\t<\/div>\n\t\t<\/section>\n\t\t\t\t\t<\/div>\n\t\t<\/div>\n\t\t\t\t\t<\/div>\n\t\t<\/section>\n\t\t\t\t<section class=\"elementor-section elementor-top-section elementor-element elementor-element-0dfdbf3 elementor-reverse-mobile elementor-section-boxed elementor-section-height-default elementor-section-height-default\" data-id=\"0dfdbf3\" data-element_type=\"section\" data-e-type=\"section\" data-settings=\"{&quot;background_background&quot;:&quot;classic&quot;}\">\n\t\t\t\t\t\t\t<div class=\"elementor-background-overlay\"><\/div>\n\t\t\t\t\t\t\t<div class=\"elementor-container elementor-column-gap-default\">\n\t\t\t\t\t<div class=\"elementor-column elementor-col-50 elementor-top-column elementor-element elementor-element-238b021\" data-id=\"238b021\" data-element_type=\"column\" data-e-type=\"column\">\n\t\t\t<div class=\"elementor-widget-wrap elementor-element-populated\">\n\t\t\t\t\t\t<div class=\"elementor-element elementor-element-1b447bc elementor-widget elementor-widget-heading\" data-id=\"1b447bc\" data-element_type=\"widget\" data-e-type=\"widget\" data-widget_type=\"heading.default\">\n\t\t\t\t<div class=\"elementor-widget-container\">\n\t\t\t\t\t<p class=\"elementor-heading-title elementor-size-default\">Where are our vineyards?<br>\nAt the foot of Mont Ventoux\nand the Dentelles de Montmirail.\n<\/p>\t\t\t\t<\/div>\n\t\t\t\t<\/div>\n\t\t\t\t<div class=\"elementor-element elementor-element-9dce7b8 elementor-widget elementor-widget-tp-button\" data-id=\"9dce7b8\" data-element_type=\"widget\" data-e-type=\"widget\" data-widget_type=\"tp-button.default\">\n\t\t\t\t<div class=\"elementor-widget-container\">\n\t\t\t\t\t<div class=\"pt-plus-button-wrapper   text-left\"><div class=\"button_parallax\" ><div id=\"button69f243715e844\"  class=\"text-left ts-button content_hover_effect\" ><div class=\"pt_plus_button btn69f243715e832 button-style-1\"  ><div class=\"animted-content-inner\"><a href=\"https:\/\/domaine-de-chantegut.com\/en\/culture-et-vinification\/\" class=\"button-link-wrap\" role=\"button\" data-hover=\"Comment nous les travaillons\"  >How we work the wines<div class=\"button_line\"><\/div><\/a><\/div><\/div><\/div><\/div><\/div>\t\t\t\t<\/div>\n\t\t\t\t<\/div>\n\t\t\t\t\t<\/div>\n\t\t<\/div>\n\t\t\t\t<div class=\"elementor-column elementor-col-50 elementor-top-column elementor-element elementor-element-209ca62\" data-id=\"209ca62\" data-element_type=\"column\" data-e-type=\"column\">\n\t\t\t<div class=\"elementor-widget-wrap\">\n\t\t\t\t\t\t\t<\/div>\n\t\t<\/div>\n\t\t\t\t\t<\/div>\n\t\t<\/section>\n\t\t\t\t<\/div>","protected":false},"excerpt":{"rendered":"<p>L&rsquo;histoire d&rsquo;un&nbsp;domaine, La cave Une ancienne magnaneraie\u2026 \u2026Des&nbsp;vers \u00e0&nbsp;soie aux&nbsp;verres \u00e0&nbsp;pied Demandez autour de&nbsp;vous ce&nbsp;qu\u2019est une&nbsp;Magnaneraie et&nbsp;peu de&nbsp;gens sauront vous&nbsp;r\u00e9pondre. Normal, ce&nbsp;type de&nbsp;b\u00e2timent est&nbsp;li\u00e9 \u00e0&nbsp;une&nbsp;activit\u00e9 qui&nbsp;n\u2019est plus pratiqu\u00e9e en&nbsp;France depuis longtemps. C\u2019est&nbsp;l\u2019\u00e9levage de&nbsp;vers \u00e0&nbsp;soie&nbsp;! \u00ab\u00a0Comme dans ces cocons d\u2019o\u00f9 \u00e9mergeaient les papillons, nos&nbsp;vins se&nbsp;transforment dans leurs&nbsp;cuves pour&nbsp;en&nbsp;sortir m\u00e9tamorphos\u00e9s\u2026&nbsp;\u00bb La r\u00e9novation Notre b\u00e2tisse \u00e0&nbsp;nous date du&nbsp;17e. [&hellip;]<\/p>\n","protected":false},"author":1,"featured_media":0,"parent":0,"menu_order":0,"comment_status":"closed","ping_status":"closed","template":"","meta":{"_acf_changed":false,"loftloader_page_shortcode":"","footnotes":""},"class_list":["post-23","page","type-page","status-publish","hentry"],"acf":[],"_links":{"self":[{"href":"https:\/\/domaine-de-chantegut.com\/en\/wp-json\/wp\/v2\/pages\/23","targetHints":{"allow":["GET"]}}],"collection":[{"href":"https:\/\/domaine-de-chantegut.com\/en\/wp-json\/wp\/v2\/pages"}],"about":[{"href":"https:\/\/domaine-de-chantegut.com\/en\/wp-json\/wp\/v2\/types\/page"}],"author":[{"embeddable":true,"href":"https:\/\/domaine-de-chantegut.com\/en\/wp-json\/wp\/v2\/users\/1"}],"replies":[{"embeddable":true,"href":"https:\/\/domaine-de-chantegut.com\/en\/wp-json\/wp\/v2\/comments?post=23"}],"version-history":[{"count":16,"href":"https:\/\/domaine-de-chantegut.com\/en\/wp-json\/wp\/v2\/pages\/23\/revisions"}],"predecessor-version":[{"id":4350,"href":"https:\/\/domaine-de-chantegut.com\/en\/wp-json\/wp\/v2\/pages\/23\/revisions\/4350"}],"wp:attachment":[{"href":"https:\/\/domaine-de-chantegut.com\/en\/wp-json\/wp\/v2\/media?parent=23"}],"curies":[{"name":"wp","href":"https:\/\/api.w.org\/{rel}","templated":true}]}}