{"id":43,"date":"2021-07-16T11:42:44","date_gmt":"2021-07-16T09:42:44","guid":{"rendered":"https:\/\/domaine-de-chantegut.com\/?page_id=43"},"modified":"2023-02-15T12:15:13","modified_gmt":"2023-02-15T11:15:13","slug":"activites","status":"publish","type":"page","link":"https:\/\/domaine-de-chantegut.com\/en\/activites\/","title":{"rendered":"Activities"},"content":{"rendered":"<div data-elementor-type=\"wp-page\" data-elementor-id=\"43\" class=\"elementor elementor-43\" data-elementor-post-type=\"page\">\n\t\t\t\t\t\t<section class=\"elementor-section elementor-top-section elementor-element elementor-element-d33bf29 elementor-section-boxed elementor-section-height-default elementor-section-height-default\" data-id=\"d33bf29\" data-element_type=\"section\" data-e-type=\"section\">\n\t\t\t\t\t\t<div class=\"elementor-container elementor-column-gap-default\">\n\t\t\t\t\t<div class=\"elementor-column elementor-col-100 elementor-top-column elementor-element elementor-element-2885d3f\" data-id=\"2885d3f\" data-element_type=\"column\" data-e-type=\"column\">\n\t\t\t<div class=\"elementor-widget-wrap elementor-element-populated\">\n\t\t\t\t\t\t<div class=\"elementor-element elementor-element-5946834 elementor-widget elementor-widget-heading\" data-id=\"5946834\" data-element_type=\"widget\" data-e-type=\"widget\" data-widget_type=\"heading.default\">\n\t\t\t\t<div class=\"elementor-widget-container\">\n\t\t\t\t\t<h1 class=\"elementor-heading-title elementor-size-default\">Come discover our estate<br>\nand our wine through our activities<\/h1>\t\t\t\t<\/div>\n\t\t\t\t<\/div>\n\t\t\t\t<div class=\"elementor-element elementor-element-b707838 elementor-widget-divider--view-line elementor-widget elementor-widget-divider\" data-id=\"b707838\" data-element_type=\"widget\" data-e-type=\"widget\" data-widget_type=\"divider.default\">\n\t\t\t\t<div class=\"elementor-widget-container\">\n\t\t\t\t\t\t\t<div class=\"elementor-divider\">\n\t\t\t<span class=\"elementor-divider-separator\">\n\t\t\t\t\t\t<\/span>\n\t\t<\/div>\n\t\t\t\t\t\t<\/div>\n\t\t\t\t<\/div>\n\t\t\t\t\t<\/div>\n\t\t<\/div>\n\t\t\t\t\t<\/div>\n\t\t<\/section>\n\t\t\t\t<section class=\"elementor-section elementor-top-section elementor-element elementor-element-2855a6f elementor-section-boxed elementor-section-height-default elementor-section-height-default\" data-id=\"2855a6f\" data-element_type=\"section\" data-e-type=\"section\">\n\t\t\t\t\t\t<div class=\"elementor-container elementor-column-gap-default\">\n\t\t\t\t\t<div class=\"elementor-column elementor-col-50 elementor-top-column elementor-element elementor-element-931c872\" data-id=\"931c872\" data-element_type=\"column\" data-e-type=\"column\">\n\t\t\t<div class=\"elementor-widget-wrap elementor-element-populated\">\n\t\t\t\t\t\t<div class=\"elementor-element elementor-element-8542dcf elementor-widget elementor-widget-image\" data-id=\"8542dcf\" data-element_type=\"widget\" data-e-type=\"widget\" data-widget_type=\"image.default\">\n\t\t\t\t<div class=\"elementor-widget-container\">\n\t\t\t\t\t\t\t\t\t\t\t\t\t\t\t<img fetchpriority=\"high\" decoding=\"async\" width=\"800\" height=\"450\" src=\"https:\/\/domaine-de-chantegut.com\/wp-content\/uploads\/2023\/02\/gite-1024x576.jpg\" class=\"attachment-large size-large wp-image-3694\" alt=\"\" srcset=\"https:\/\/domaine-de-chantegut.com\/wp-content\/uploads\/2023\/02\/gite-1024x576.jpg 1024w, https:\/\/domaine-de-chantegut.com\/wp-content\/uploads\/2023\/02\/gite-300x169.jpg 300w, https:\/\/domaine-de-chantegut.com\/wp-content\/uploads\/2023\/02\/gite-768x432.jpg 768w, https:\/\/domaine-de-chantegut.com\/wp-content\/uploads\/2023\/02\/gite-1536x864.jpg 1536w, https:\/\/domaine-de-chantegut.com\/wp-content\/uploads\/2023\/02\/gite-18x10.jpg 18w, https:\/\/domaine-de-chantegut.com\/wp-content\/uploads\/2023\/02\/gite-600x338.jpg 600w, https:\/\/domaine-de-chantegut.com\/wp-content\/uploads\/2023\/02\/gite.jpg 1920w\" sizes=\"(max-width: 800px) 100vw, 800px\" \/>\t\t\t\t\t\t\t\t\t\t\t\t\t\t\t<\/div>\n\t\t\t\t<\/div>\n\t\t\t\t\t<\/div>\n\t\t<\/div>\n\t\t\t\t<div class=\"elementor-column elementor-col-50 elementor-top-column elementor-element elementor-element-c2f56bd\" data-id=\"c2f56bd\" data-element_type=\"column\" data-e-type=\"column\">\n\t\t\t<div class=\"elementor-widget-wrap elementor-element-populated\">\n\t\t\t\t\t\t<div class=\"elementor-element elementor-element-c94fd2b elementor-widget elementor-widget-heading\" data-id=\"c94fd2b\" data-element_type=\"widget\" data-e-type=\"widget\" data-widget_type=\"heading.default\">\n\t\t\t\t<div class=\"elementor-widget-container\">\n\t\t\t\t\t<h3 class=\"elementor-heading-title elementor-size-default\">NOVELTY FOR 2023<\/h3>\t\t\t\t<\/div>\n\t\t\t\t<\/div>\n\t\t\t\t<div class=\"elementor-element elementor-element-cbedf62 elementor-widget elementor-widget-heading\" data-id=\"cbedf62\" data-element_type=\"widget\" data-e-type=\"widget\" data-widget_type=\"heading.default\">\n\t\t\t\t<div class=\"elementor-widget-container\">\n\t\t\t\t\t<p class=\"elementor-heading-title elementor-size-default\">Holiday cottage at the farm<\/p>\t\t\t\t<\/div>\n\t\t\t\t<\/div>\n\t\t\t\t<div class=\"elementor-element elementor-element-79b6032 elementor-widget elementor-widget-heading\" data-id=\"79b6032\" data-element_type=\"widget\" data-e-type=\"widget\" data-widget_type=\"heading.default\">\n\t\t\t\t<div class=\"elementor-widget-container\">\n\t\t\t\t\t<p class=\"elementor-heading-title elementor-size-default\">Relax in this unique accommodation at the heart of a vineyard close to Avignon (15 minutes). You will stay in an old \u00ab\u00a0Magnaneraie\u00a0\u00bb dating back to the 18th century, where silkworms were raised. Private entrance, intimate terrace with a view of the vineyards.<\/p>\t\t\t\t<\/div>\n\t\t\t\t<\/div>\n\t\t\t\t<div class=\"elementor-element elementor-element-18b059e elementor-widget elementor-widget-tp-button\" data-id=\"18b059e\" data-element_type=\"widget\" data-e-type=\"widget\" data-widget_type=\"tp-button.default\">\n\t\t\t\t<div class=\"elementor-widget-container\">\n\t\t\t\t\t<div class=\"pt-plus-button-wrapper   text-left\"><div class=\"button_parallax\" ><div id=\"button69f1fc8417694\"  class=\"text-left ts-button content_hover_effect\" ><div class=\"pt_plus_button btn69f1fc841765e button-style-1\"  ><div class=\"animted-content-inner\"><a href=\"https:\/\/www.airbnb.fr\/rooms\/826033341359482710?adults=1&#038;children=0&#038;infants=0&#038;pets=0&#038;check_in=2023-02-15&#038;check_out=2023-02-20&#038;source_impression_id=p3_1676371300_F7%2F38G7NCCsWrxni\" target=\"_blank\" class=\"button-link-wrap\" role=\"button\" data-hover=\"D\u00e9couvrir le g\u00eete\"  >Discover the cottage<div class=\"button_line\"><\/div><\/a><\/div><\/div><\/div><\/div><\/div>\t\t\t\t<\/div>\n\t\t\t\t<\/div>\n\t\t\t\t\t<\/div>\n\t\t<\/div>\n\t\t\t\t\t<\/div>\n\t\t<\/section>\n\t\t\t\t<section class=\"elementor-section elementor-top-section elementor-element elementor-element-717bd55 elementor-reverse-mobile elementor-section-boxed elementor-section-height-default elementor-section-height-default\" data-id=\"717bd55\" data-element_type=\"section\" data-e-type=\"section\" data-settings=\"{&quot;background_background&quot;:&quot;classic&quot;}\">\n\t\t\t\t\t\t<div class=\"elementor-container elementor-column-gap-default\">\n\t\t\t\t\t<div class=\"elementor-column elementor-col-50 elementor-top-column elementor-element elementor-element-7c9a629\" data-id=\"7c9a629\" data-element_type=\"column\" data-e-type=\"column\">\n\t\t\t<div class=\"elementor-widget-wrap elementor-element-populated\">\n\t\t\t\t\t\t<div class=\"elementor-element elementor-element-33714d4 elementor-widget elementor-widget-heading\" data-id=\"33714d4\" data-element_type=\"widget\" data-e-type=\"widget\" data-widget_type=\"heading.default\">\n\t\t\t\t<div class=\"elementor-widget-container\">\n\t\t\t\t\t<p class=\"elementor-heading-title elementor-size-default\">Visit of the estate<\/p>\t\t\t\t<\/div>\n\t\t\t\t<\/div>\n\t\t\t\t<div class=\"elementor-element elementor-element-88735aa elementor-widget elementor-widget-heading\" data-id=\"88735aa\" data-element_type=\"widget\" data-e-type=\"widget\" data-widget_type=\"heading.default\">\n\t\t\t\t<div class=\"elementor-widget-container\">\n\t\t\t\t\t<p class=\"elementor-heading-title elementor-size-default\">We welcome you to share our experience and passion. We offer you a tour of our cellar to discover the vinification, as well as a tour of our vineyards to learn about the wine's vegetative cycle and soil work.<\/p>\t\t\t\t<\/div>\n\t\t\t\t<\/div>\n\t\t\t\t<div class=\"elementor-element elementor-element-786692a elementor-widget elementor-widget-heading\" data-id=\"786692a\" data-element_type=\"widget\" data-e-type=\"widget\" data-widget_type=\"heading.default\">\n\t\t\t\t<div class=\"elementor-widget-container\">\n\t\t\t\t\t<p class=\"elementor-heading-title elementor-size-default\">Then, we will introduce you to the art of tasting through the discovery of our range of wines : AOC Vacqueyras and IPG Mediterranean.<\/p>\t\t\t\t<\/div>\n\t\t\t\t<\/div>\n\t\t\t\t<div class=\"elementor-element elementor-element-5dca70c elementor-widget elementor-widget-heading\" data-id=\"5dca70c\" data-element_type=\"widget\" data-e-type=\"widget\" data-widget_type=\"heading.default\">\n\t\t\t\t<div class=\"elementor-widget-container\">\n\t\t\t\t\t<p class=\"elementor-heading-title elementor-size-default\">We will be delighted to exchange with you about our region and our terroir.<\/p>\t\t\t\t<\/div>\n\t\t\t\t<\/div>\n\t\t\t\t<div class=\"elementor-element elementor-element-954eac5 elementor-widget elementor-widget-tp-button\" data-id=\"954eac5\" data-element_type=\"widget\" data-e-type=\"widget\" data-widget_type=\"tp-button.default\">\n\t\t\t\t<div class=\"elementor-widget-container\">\n\t\t\t\t\t<div class=\"pt-plus-button-wrapper   text-left\"><div class=\"button_parallax\" ><div id=\"button69f1fc8417f25\"  class=\"text-left ts-button content_hover_effect\" ><div class=\"pt_plus_button btn69f1fc8417f12 button-style-1\"  ><div class=\"animted-content-inner\"><a href=\"https:\/\/www.airbnb.fr\/experiences\/2373737?location=Sarrians%2C%20France&#038;currentTab=experience_tab&#038;federatedSearchId=33b0365f-939e-40e3-8201-6395c6adf5d2&#038;searchId=d539c2eb-dfcd-4026-8dd2-0c99a5d0f36e&#038;sectionId=d3cf5a70-04d8-4578-bcf3-110bad512c6d\" target=\"_blank\" class=\"button-link-wrap\" role=\"button\" data-hover=\"R\u00e9server une visite du domaine\"  >Book a visit to the estate<div class=\"button_line\"><\/div><\/a><\/div><\/div><\/div><\/div><\/div>\t\t\t\t<\/div>\n\t\t\t\t<\/div>\n\t\t\t\t\t<\/div>\n\t\t<\/div>\n\t\t\t\t<div class=\"elementor-column elementor-col-50 elementor-top-column elementor-element elementor-element-b489bf6\" data-id=\"b489bf6\" data-element_type=\"column\" data-e-type=\"column\">\n\t\t\t<div class=\"elementor-widget-wrap elementor-element-populated\">\n\t\t\t\t\t\t<div class=\"elementor-element elementor-element-8449fa8 elementor-widget elementor-widget-image\" data-id=\"8449fa8\" data-element_type=\"widget\" data-e-type=\"widget\" data-widget_type=\"image.default\">\n\t\t\t\t<div class=\"elementor-widget-container\">\n\t\t\t\t\t\t\t\t\t\t\t\t\t\t\t<img decoding=\"async\" width=\"800\" height=\"539\" src=\"https:\/\/domaine-de-chantegut.com\/wp-content\/uploads\/2021\/08\/visite-du-domaine.jpg\" class=\"attachment-large size-large wp-image-1519\" alt=\"visite domaine viticole\" srcset=\"https:\/\/domaine-de-chantegut.com\/wp-content\/uploads\/2021\/08\/visite-du-domaine.jpg 895w, https:\/\/domaine-de-chantegut.com\/wp-content\/uploads\/2021\/08\/visite-du-domaine-300x202.jpg 300w, https:\/\/domaine-de-chantegut.com\/wp-content\/uploads\/2021\/08\/visite-du-domaine-600x404.jpg 600w, https:\/\/domaine-de-chantegut.com\/wp-content\/uploads\/2021\/08\/visite-du-domaine-768x517.jpg 768w, https:\/\/domaine-de-chantegut.com\/wp-content\/uploads\/2021\/08\/visite-du-domaine-18x12.jpg 18w\" sizes=\"(max-width: 800px) 100vw, 800px\" \/>\t\t\t\t\t\t\t\t\t\t\t\t\t\t\t<\/div>\n\t\t\t\t<\/div>\n\t\t\t\t\t<\/div>\n\t\t<\/div>\n\t\t\t\t\t<\/div>\n\t\t<\/section>\n\t\t\t\t<section class=\"elementor-section elementor-top-section elementor-element elementor-element-9ea4867 elementor-section-boxed elementor-section-height-default elementor-section-height-default elementor-invisible\" data-id=\"9ea4867\" data-element_type=\"section\" data-e-type=\"section\" data-settings=\"{&quot;animation&quot;:&quot;fadeInRight&quot;}\">\n\t\t\t\t\t\t<div class=\"elementor-container elementor-column-gap-default\">\n\t\t\t\t\t<div class=\"elementor-column elementor-col-50 elementor-top-column elementor-element elementor-element-6f45a03 survol\" data-id=\"6f45a03\" data-element_type=\"column\" data-e-type=\"column\" data-settings=\"{&quot;background_background&quot;:&quot;classic&quot;}\">\n\t\t\t<div class=\"elementor-widget-wrap elementor-element-populated\">\n\t\t\t\t\t<div class=\"elementor-background-overlay\"><\/div>\n\t\t\t\t\t\t<div class=\"elementor-element elementor-element-65a6bb7 titre-activite elementor-widget elementor-widget-heading\" data-id=\"65a6bb7\" data-element_type=\"widget\" data-e-type=\"widget\" data-widget_type=\"heading.default\">\n\t\t\t\t<div class=\"elementor-widget-container\">\n\t\t\t\t\t<h2 class=\"elementor-heading-title elementor-size-default\">TASTING<\/h2>\t\t\t\t<\/div>\n\t\t\t\t<\/div>\n\t\t\t\t<div class=\"elementor-element elementor-element-4d3905f cache elementor-widget elementor-widget-heading\" data-id=\"4d3905f\" data-element_type=\"widget\" data-e-type=\"widget\" data-widget_type=\"heading.default\">\n\t\t\t\t<div class=\"elementor-widget-container\">\n\t\t\t\t\t<p class=\"elementor-heading-title elementor-size-default\">Whether you are a wine lover or an expert, come and discover all our wine-making process during a tasting workshop<\/p>\t\t\t\t<\/div>\n\t\t\t\t<\/div>\n\t\t\t\t<div class=\"elementor-element elementor-element-bbc47c6 elementor-align-center cache elementor-widget elementor-widget-button\" data-id=\"bbc47c6\" data-element_type=\"widget\" data-e-type=\"widget\" data-widget_type=\"button.default\">\n\t\t\t\t<div class=\"elementor-widget-container\">\n\t\t\t\t\t\t\t\t\t<div class=\"elementor-button-wrapper\">\n\t\t\t\t\t<a class=\"elementor-button elementor-button-link elementor-size-sm\" href=\"https:\/\/domaine-de-chantegut.com\/en\/degustation\/\">\n\t\t\t\t\t\t<span class=\"elementor-button-content-wrapper\">\n\t\t\t\t\t\t\t\t\t<span class=\"elementor-button-text\">Read more<\/span>\n\t\t\t\t\t<\/span>\n\t\t\t\t\t<\/a>\n\t\t\t\t<\/div>\n\t\t\t\t\t\t\t\t<\/div>\n\t\t\t\t<\/div>\n\t\t\t\t\t<\/div>\n\t\t<\/div>\n\t\t\t\t<div class=\"elementor-column elementor-col-50 elementor-top-column elementor-element elementor-element-79b0b2d survol elementor-invisible\" data-id=\"79b0b2d\" data-element_type=\"column\" data-e-type=\"column\" data-settings=\"{&quot;background_background&quot;:&quot;classic&quot;,&quot;animation&quot;:&quot;fadeInUp&quot;}\">\n\t\t\t<div class=\"elementor-widget-wrap elementor-element-populated\">\n\t\t\t\t\t<div class=\"elementor-background-overlay\"><\/div>\n\t\t\t\t\t\t<div class=\"elementor-element elementor-element-c342c13 titre-activite elementor-widget elementor-widget-heading\" data-id=\"c342c13\" data-element_type=\"widget\" data-e-type=\"widget\" data-widget_type=\"heading.default\">\n\t\t\t\t<div class=\"elementor-widget-container\">\n\t\t\t\t\t<h2 class=\"elementor-heading-title elementor-size-default\">S\u00e9minaire &amp; location des locaux pour les professionels<\/h2>\t\t\t\t<\/div>\n\t\t\t\t<\/div>\n\t\t\t\t<div class=\"elementor-element elementor-element-b452281 cache elementor-widget elementor-widget-heading\" data-id=\"b452281\" data-element_type=\"widget\" data-e-type=\"widget\" data-widget_type=\"heading.default\">\n\t\t\t\t<div class=\"elementor-widget-container\">\n\t\t\t\t\t<p class=\"elementor-heading-title elementor-size-default\">Organize your seminar at the heart of the vineyards, in Vaucluse.<\/p>\t\t\t\t<\/div>\n\t\t\t\t<\/div>\n\t\t\t\t<div class=\"elementor-element elementor-element-26236ea elementor-align-center cache elementor-widget elementor-widget-button\" data-id=\"26236ea\" data-element_type=\"widget\" data-e-type=\"widget\" data-widget_type=\"button.default\">\n\t\t\t\t<div class=\"elementor-widget-container\">\n\t\t\t\t\t\t\t\t\t<div class=\"elementor-button-wrapper\">\n\t\t\t\t\t<a class=\"elementor-button elementor-button-link elementor-size-sm\" href=\"https:\/\/domaine-de-chantegut.com\/en\/seminaire\/\">\n\t\t\t\t\t\t<span class=\"elementor-button-content-wrapper\">\n\t\t\t\t\t\t\t\t\t<span class=\"elementor-button-text\">Read more<\/span>\n\t\t\t\t\t<\/span>\n\t\t\t\t\t<\/a>\n\t\t\t\t<\/div>\n\t\t\t\t\t\t\t\t<\/div>\n\t\t\t\t<\/div>\n\t\t\t\t\t<\/div>\n\t\t<\/div>\n\t\t\t\t\t<\/div>\n\t\t<\/section>\n\t\t\t\t<section class=\"elementor-section elementor-top-section elementor-element elementor-element-50add13 elementor-section-boxed elementor-section-height-default elementor-section-height-default\" data-id=\"50add13\" data-element_type=\"section\" data-e-type=\"section\">\n\t\t\t\t\t\t<div class=\"elementor-container elementor-column-gap-default\">\n\t\t\t\t\t<div class=\"elementor-column elementor-col-100 elementor-top-column elementor-element elementor-element-666356e elementor-invisible\" data-id=\"666356e\" data-element_type=\"column\" data-e-type=\"column\" data-settings=\"{&quot;background_background&quot;:&quot;classic&quot;,&quot;animation&quot;:&quot;fadeInLeft&quot;}\">\n\t\t\t<div class=\"elementor-widget-wrap elementor-element-populated\">\n\t\t\t\t\t<div class=\"elementor-background-overlay\"><\/div>\n\t\t\t\t\t\t<div class=\"elementor-element elementor-element-d86a8b0 elementor-widget elementor-widget-heading\" data-id=\"d86a8b0\" data-element_type=\"widget\" data-e-type=\"widget\" data-widget_type=\"heading.default\">\n\t\t\t\t<div class=\"elementor-widget-container\">\n\t\t\t\t\t<h2 class=\"elementor-heading-title elementor-size-default\">OUR SHOP IS OPEN<\/h2>\t\t\t\t<\/div>\n\t\t\t\t<\/div>\n\t\t\t\t<div class=\"elementor-element elementor-element-dc222c4 elementor-widget elementor-widget-heading\" data-id=\"dc222c4\" data-element_type=\"widget\" data-e-type=\"widget\" data-widget_type=\"heading.default\">\n\t\t\t\t<div class=\"elementor-widget-container\">\n\t\t\t\t\t<h2 class=\"elementor-heading-title elementor-size-default\">In Summer (from May to October)<br>From Monday to Friday 8 am to 12 am \/ 2 pm to 7 pm<br> On Saturday : 9 am to12 am \/ 3 pm to 6 pm<\/h2>\t\t\t\t<\/div>\n\t\t\t\t<\/div>\n\t\t\t\t<div class=\"elementor-element elementor-element-b0a5b30 elementor-widget elementor-widget-heading\" data-id=\"b0a5b30\" data-element_type=\"widget\" data-e-type=\"widget\" data-widget_type=\"heading.default\">\n\t\t\t\t<div class=\"elementor-widget-container\">\n\t\t\t\t\t<h2 class=\"elementor-heading-title elementor-size-default\">In Winter (From November to April)<br> Form Monday to Friday 8 am to 12 am \/ 2 pm to 6 pm<br> On Saturday : 9 am to 12 am<\/h2>\t\t\t\t<\/div>\n\t\t\t\t<\/div>\n\t\t\t\t<div class=\"elementor-element elementor-element-688c503 elementor-widget elementor-widget-heading\" data-id=\"688c503\" data-element_type=\"widget\" data-e-type=\"widget\" data-widget_type=\"heading.default\">\n\t\t\t\t<div class=\"elementor-widget-container\">\n\t\t\t\t\t<h2 class=\"elementor-heading-title elementor-size-default\">Closed on public holidays<\/h2>\t\t\t\t<\/div>\n\t\t\t\t<\/div>\n\t\t\t\t\t<\/div>\n\t\t<\/div>\n\t\t\t\t\t<\/div>\n\t\t<\/section>\n\t\t\t\t<\/div>","protected":false},"excerpt":{"rendered":"<p>Venez d\u00e9couvrir notre&nbsp;domaine et&nbsp;notre&nbsp;vin autour de&nbsp;nos&nbsp;activit\u00e9s Nouveaut\u00e9 2023 Le g\u00eete \u00e0 la ferme D\u00e9tendez-vous dans ce logement unique au c\u0153ur d&rsquo;un domaine viticole proche d&rsquo;Avignon (15 minutes). Vous s\u00e9journerez dans une ancienne Magnaneraie datant du XVIII\u00e8me si\u00e8cle dans laquelle on \u00e9levait les vers \u00e0 soie. Entr\u00e9e privative, terrasse intimiste avec vue sur les vignes. D\u00e9couvrir [&hellip;]<\/p>\n","protected":false},"author":1,"featured_media":0,"parent":0,"menu_order":0,"comment_status":"closed","ping_status":"closed","template":"","meta":{"_acf_changed":false,"loftloader_page_shortcode":"","footnotes":""},"class_list":["post-43","page","type-page","status-publish","hentry"],"acf":[],"_links":{"self":[{"href":"https:\/\/domaine-de-chantegut.com\/en\/wp-json\/wp\/v2\/pages\/43","targetHints":{"allow":["GET"]}}],"collection":[{"href":"https:\/\/domaine-de-chantegut.com\/en\/wp-json\/wp\/v2\/pages"}],"about":[{"href":"https:\/\/domaine-de-chantegut.com\/en\/wp-json\/wp\/v2\/types\/page"}],"author":[{"embeddable":true,"href":"https:\/\/domaine-de-chantegut.com\/en\/wp-json\/wp\/v2\/users\/1"}],"replies":[{"embeddable":true,"href":"https:\/\/domaine-de-chantegut.com\/en\/wp-json\/wp\/v2\/comments?post=43"}],"version-history":[{"count":58,"href":"https:\/\/domaine-de-chantegut.com\/en\/wp-json\/wp\/v2\/pages\/43\/revisions"}],"predecessor-version":[{"id":3758,"href":"https:\/\/domaine-de-chantegut.com\/en\/wp-json\/wp\/v2\/pages\/43\/revisions\/3758"}],"wp:attachment":[{"href":"https:\/\/domaine-de-chantegut.com\/en\/wp-json\/wp\/v2\/media?parent=43"}],"curies":[{"name":"wp","href":"https:\/\/api.w.org\/{rel}","templated":true}]}}