{"id":500,"date":"2021-07-20T11:57:51","date_gmt":"2021-07-20T09:57:51","guid":{"rendered":"https:\/\/domaine-de-chantegut.com\/?post_type=product&#038;p=500"},"modified":"2026-04-16T15:49:20","modified_gmt":"2026-04-16T13:49:20","slug":"vacqueyras-blanc","status":"publish","type":"product","link":"https:\/\/domaine-de-chantegut.com\/en\/boutique\/vacqueyras-blanc\/","title":{"rendered":"Vacqueyras Blanc 2025 Bio"},"content":{"rendered":"<p class=\"p1\">Vacqueyras Blanc 2025 Bio<\/p>\n<p class=\"p1\">A complex and aromatic wine.<\/p>\n<p class=\"p1\">Young vineyard, first leaves in 2017.<\/p>\n<p class=\"p1\">Aged at 100% in demi muids.<\/p>\n<p class=\"p1\">Special blonde toasting for white wine, providing a very nice complexity.<\/p>","protected":false},"excerpt":{"rendered":"<p>Vacqueyras Blanc 2025 Bio Complexe et aromatique Jeune plantation, premi\u00e8res feuilles en 2017. \u00c9lev\u00e9 100% en demi muids. Chauffe blonde sp\u00e9ciale vin blanc pour une tr\u00e8s belle complexit\u00e9.<\/p>","protected":false},"featured_media":502,"template":"","meta":{"_acf_changed":false,"loftloader_page_shortcode":""},"product_brand":[],"product_cat":[22],"product_tag":[],"type_custom":[26],"class_list":{"0":"post-500","1":"product","2":"type-product","3":"status-publish","4":"has-post-thumbnail","6":"product_cat-blanc","7":"type_custom-vacqueyras","9":"first","10":"instock","11":"taxable","12":"shipping-taxable","13":"purchasable","14":"product-type-simple"},"acf":[],"_links":{"self":[{"href":"https:\/\/domaine-de-chantegut.com\/en\/wp-json\/wp\/v2\/product\/500","targetHints":{"allow":["GET"]}}],"collection":[{"href":"https:\/\/domaine-de-chantegut.com\/en\/wp-json\/wp\/v2\/product"}],"about":[{"href":"https:\/\/domaine-de-chantegut.com\/en\/wp-json\/wp\/v2\/types\/product"}],"wp:featuredmedia":[{"embeddable":true,"href":"https:\/\/domaine-de-chantegut.com\/en\/wp-json\/wp\/v2\/media\/502"}],"wp:attachment":[{"href":"https:\/\/domaine-de-chantegut.com\/en\/wp-json\/wp\/v2\/media?parent=500"}],"wp:term":[{"taxonomy":"product_brand","embeddable":true,"href":"https:\/\/domaine-de-chantegut.com\/en\/wp-json\/wp\/v2\/product_brand?post=500"},{"taxonomy":"product_cat","embeddable":true,"href":"https:\/\/domaine-de-chantegut.com\/en\/wp-json\/wp\/v2\/product_cat?post=500"},{"taxonomy":"product_tag","embeddable":true,"href":"https:\/\/domaine-de-chantegut.com\/en\/wp-json\/wp\/v2\/product_tag?post=500"},{"taxonomy":"type_custom","embeddable":true,"href":"https:\/\/domaine-de-chantegut.com\/en\/wp-json\/wp\/v2\/type_custom?post=500"}],"curies":[{"name":"wp","href":"https:\/\/api.w.org\/{rel}","templated":true}]}}