{"id":538,"date":"2021-07-20T14:15:52","date_gmt":"2021-07-20T12:15:52","guid":{"rendered":"https:\/\/domaine-de-chantegut.com\/?post_type=product&#038;p=538"},"modified":"2025-10-01T10:33:33","modified_gmt":"2025-10-01T08:33:33","slug":"vacqueyras-rouge-tradition","status":"publish","type":"product","link":"https:\/\/domaine-de-chantegut.com\/en\/boutique\/vacqueyras-rouge-tradition\/","title":{"rendered":"AOC Vacqueyras Tradition 2023 &#8211; Vin d&rsquo;Exception &#8211; Fruits Rouges &#038; \u00c9l\u00e9gance"},"content":{"rendered":"<p>Le <strong>Tradition 2022<\/strong> offre une <strong>robe rose rubis intense<\/strong> et un <strong>nez<\/strong> de <strong>fruits rouges<\/strong> (groseille, m\u00fbre) avec une touche de <strong>cacao<\/strong>. En bouche, il s\u00e9duit par son <strong>ampleur<\/strong>, ses <strong>tanins \u00e9l\u00e9gants<\/strong> et sa <strong>belle persistance<\/strong>.<\/p>\n<p>\u2013 <strong>Grenache et Syrah<\/strong>, pour un vin riche et \u00e9quilibr\u00e9<br \/>\n\u2013 <strong>Culture raisonn\u00e9e &#8211; Haute Valeur Environnementale<\/strong><br \/>\n\u2013 <strong>Mill\u00e9sime 2023<\/strong>, une cuv\u00e9e au caract\u00e8re affirm\u00e9<\/p>\n<p>Un vin rouge \u00e9l\u00e9gant, id\u00e9al avec des <strong>viandes grill\u00e9es<\/strong> ou des <strong>fromages affin\u00e9s<\/strong>. Commandez d\u00e8s maintenant !<\/p>","protected":false},"excerpt":{"rendered":"<p>Tradition 2022<\/p>\n<p>&nbsp;<\/p>","protected":false},"featured_media":4241,"template":"","meta":{"_acf_changed":false,"loftloader_page_shortcode":""},"product_brand":[],"product_cat":[21],"product_tag":[],"type_custom":[26],"class_list":{"0":"post-538","1":"product","2":"type-product","3":"status-publish","4":"has-post-thumbnail","6":"product_cat-rouge","7":"type_custom-vacqueyras","9":"first","10":"instock","11":"taxable","12":"shipping-taxable","13":"purchasable","14":"product-type-simple"},"acf":[],"_links":{"self":[{"href":"https:\/\/domaine-de-chantegut.com\/en\/wp-json\/wp\/v2\/product\/538","targetHints":{"allow":["GET"]}}],"collection":[{"href":"https:\/\/domaine-de-chantegut.com\/en\/wp-json\/wp\/v2\/product"}],"about":[{"href":"https:\/\/domaine-de-chantegut.com\/en\/wp-json\/wp\/v2\/types\/product"}],"wp:featuredmedia":[{"embeddable":true,"href":"https:\/\/domaine-de-chantegut.com\/en\/wp-json\/wp\/v2\/media\/4241"}],"wp:attachment":[{"href":"https:\/\/domaine-de-chantegut.com\/en\/wp-json\/wp\/v2\/media?parent=538"}],"wp:term":[{"taxonomy":"product_brand","embeddable":true,"href":"https:\/\/domaine-de-chantegut.com\/en\/wp-json\/wp\/v2\/product_brand?post=538"},{"taxonomy":"product_cat","embeddable":true,"href":"https:\/\/domaine-de-chantegut.com\/en\/wp-json\/wp\/v2\/product_cat?post=538"},{"taxonomy":"product_tag","embeddable":true,"href":"https:\/\/domaine-de-chantegut.com\/en\/wp-json\/wp\/v2\/product_tag?post=538"},{"taxonomy":"type_custom","embeddable":true,"href":"https:\/\/domaine-de-chantegut.com\/en\/wp-json\/wp\/v2\/type_custom?post=538"}],"curies":[{"name":"wp","href":"https:\/\/api.w.org\/{rel}","templated":true}]}}