{"id":549,"date":"2021-07-20T14:37:02","date_gmt":"2021-07-20T12:37:02","guid":{"rendered":"https:\/\/domaine-de-chantegut.com\/?post_type=product&#038;p=549"},"modified":"2025-10-01T10:33:02","modified_gmt":"2025-10-01T08:33:02","slug":"vervine-rose-2021","status":"publish","type":"product","link":"https:\/\/domaine-de-chantegut.com\/en\/boutique\/vervine-rose-2021\/","title":{"rendered":"Vervine Ros\u00e9 2023 &#8211; IGP M\u00e9diterran\u00e9e &#8211; Fra\u00eecheur &#038; Fruit\u00e9"},"content":{"rendered":"<p>Le <strong>Vervine Ros\u00e9 2023<\/strong> d\u00e9voile une <strong>robe p\u00e9tale de rose<\/strong> aux reflets l\u00e9g\u00e8rement saumon\u00e9s, annon\u00e7ant un <strong>nez fruit\u00e9<\/strong> avec des ar\u00f4mes de <strong>fruits rouges<\/strong> et une touche d&rsquo;<strong>agrumes<\/strong>. En bouche, il s\u00e9duit par sa <strong>bonne sucrosit\u00e9<\/strong> et sa <strong>fra\u00eecheur en finale<\/strong>, avec une <strong>belle persistance aromatique<\/strong> et des notes d\u00e9licatement <strong>amyliques<\/strong>.<\/p>\n<p>\u2013 <strong>Un ros\u00e9 fruit\u00e9 et rafra\u00eechissant<\/strong>, id\u00e9al pour l&rsquo;ap\u00e9ritif ou les plats estivaux<br \/>\n\u2013 <strong>100% Grenache<\/strong>, c\u00e9page embl\u00e9matique de la r\u00e9gion<br \/>\n\u2013 <strong>Culture raisonn\u00e9e &#8211; Haute Valeur Environnementale<\/strong>, un vin respectueux de l&rsquo;environnement<br \/>\n\u2013 <strong>Mill\u00e9sime 2023<\/strong>, une cuv\u00e9e \u00e9quilibr\u00e9e et \u00e9l\u00e9gante<\/p>\n<p>Laissez-vous s\u00e9duire par la fra\u00eecheur du <strong>Vervine Ros\u00e9 2023 &#8211; IGP M\u00e9diterran\u00e9e<\/strong> et commandez d\u00e8s maintenant !<\/p>\n<p>&nbsp;<\/p>\n<p>&nbsp;<\/p>","protected":false},"excerpt":{"rendered":"<p>Ros\u00e9 2023<\/p>\n<p>&nbsp;<\/p>","protected":false},"featured_media":544,"template":"","meta":{"_acf_changed":false,"loftloader_page_shortcode":""},"product_brand":[],"product_cat":[23],"product_tag":[],"type_custom":[31],"class_list":{"0":"post-549","1":"product","2":"type-product","3":"status-publish","4":"has-post-thumbnail","6":"product_cat-rose","7":"type_custom-igp-mediterrannee","9":"first","10":"instock","11":"taxable","12":"shipping-taxable","13":"purchasable","14":"product-type-simple"},"acf":[],"_links":{"self":[{"href":"https:\/\/domaine-de-chantegut.com\/en\/wp-json\/wp\/v2\/product\/549","targetHints":{"allow":["GET"]}}],"collection":[{"href":"https:\/\/domaine-de-chantegut.com\/en\/wp-json\/wp\/v2\/product"}],"about":[{"href":"https:\/\/domaine-de-chantegut.com\/en\/wp-json\/wp\/v2\/types\/product"}],"wp:featuredmedia":[{"embeddable":true,"href":"https:\/\/domaine-de-chantegut.com\/en\/wp-json\/wp\/v2\/media\/544"}],"wp:attachment":[{"href":"https:\/\/domaine-de-chantegut.com\/en\/wp-json\/wp\/v2\/media?parent=549"}],"wp:term":[{"taxonomy":"product_brand","embeddable":true,"href":"https:\/\/domaine-de-chantegut.com\/en\/wp-json\/wp\/v2\/product_brand?post=549"},{"taxonomy":"product_cat","embeddable":true,"href":"https:\/\/domaine-de-chantegut.com\/en\/wp-json\/wp\/v2\/product_cat?post=549"},{"taxonomy":"product_tag","embeddable":true,"href":"https:\/\/domaine-de-chantegut.com\/en\/wp-json\/wp\/v2\/product_tag?post=549"},{"taxonomy":"type_custom","embeddable":true,"href":"https:\/\/domaine-de-chantegut.com\/en\/wp-json\/wp\/v2\/type_custom?post=549"}],"curies":[{"name":"wp","href":"https:\/\/api.w.org\/{rel}","templated":true}]}}