{"id":550,"date":"2021-07-20T14:46:05","date_gmt":"2021-07-20T12:46:05","guid":{"rendered":"https:\/\/domaine-de-chantegut.com\/?post_type=product&#038;p=550"},"modified":"2025-10-01T10:32:50","modified_gmt":"2025-10-01T08:32:50","slug":"vervine-rouge","status":"publish","type":"product","link":"https:\/\/domaine-de-chantegut.com\/en\/boutique\/vervine-rouge\/","title":{"rendered":"Vervine Rouge &#8211; IGP M\u00e9diterran\u00e9e &#8211; Vin Gourmand &#038; \u00c9quilibr\u00e9"},"content":{"rendered":"<div class=\"flex max-w-full flex-col flex-grow\">\n<div class=\"min-h-8 text-message flex w-full flex-col items-end gap-2 whitespace-normal break-words text-start [.text-message+&amp;]:mt-5\" dir=\"auto\" data-message-author-role=\"assistant\" data-message-id=\"aafa8f44-618b-4491-94a7-e4628bad6a63\" data-message-model-slug=\"gpt-4o\">\n<div class=\"flex w-full flex-col gap-1 empty:hidden first:pt-[3px]\">\n<div class=\"markdown prose w-full break-words dark:prose-invert dark\">\n<p>D\u00e9couvrez l\u2019\u00e9l\u00e9gance de la <strong>Robe Rouge Rubis 2022<\/strong>, un <strong>IGP M\u00e9diterran\u00e9e<\/strong> \u00e0 la <strong>couleur profonde<\/strong> et au nez s\u00e9duisant de <strong>fruits rouges<\/strong>, relev\u00e9 par une subtile note de <strong>r\u00e9glisse<\/strong>. En bouche, son <strong>ampleur et ses tanins soyeux<\/strong> offrent une texture charnue et une belle longueur.<\/p>\n<p>\u2013 Un vin gourmand et \u00e9quilibr\u00e9<br \/>\n\u2013 Parfait pour viandes rouges, plats en sauce et fromages affin\u00e9s<br \/>\n\u2013 <strong>Mill\u00e9sime 2022<\/strong>, reflet du terroir ensoleill\u00e9 de la M\u00e9diterran\u00e9e<\/p>\n<\/div>\n<\/div>\n<\/div>\n<\/div>\n","protected":false},"excerpt":{"rendered":"<p>Red 2022<\/p>\n<p>&nbsp;<\/p>\n<p>&nbsp;<\/p>","protected":false},"featured_media":551,"template":"","meta":{"_acf_changed":false,"loftloader_page_shortcode":""},"product_brand":[],"product_cat":[21],"product_tag":[],"type_custom":[31],"class_list":{"0":"post-550","1":"product","2":"type-product","3":"status-publish","4":"has-post-thumbnail","6":"product_cat-rouge","7":"type_custom-igp-mediterrannee","9":"first","10":"instock","11":"taxable","12":"shipping-taxable","13":"purchasable","14":"product-type-simple"},"acf":[],"_links":{"self":[{"href":"https:\/\/domaine-de-chantegut.com\/en\/wp-json\/wp\/v2\/product\/550","targetHints":{"allow":["GET"]}}],"collection":[{"href":"https:\/\/domaine-de-chantegut.com\/en\/wp-json\/wp\/v2\/product"}],"about":[{"href":"https:\/\/domaine-de-chantegut.com\/en\/wp-json\/wp\/v2\/types\/product"}],"wp:featuredmedia":[{"embeddable":true,"href":"https:\/\/domaine-de-chantegut.com\/en\/wp-json\/wp\/v2\/media\/551"}],"wp:attachment":[{"href":"https:\/\/domaine-de-chantegut.com\/en\/wp-json\/wp\/v2\/media?parent=550"}],"wp:term":[{"taxonomy":"product_brand","embeddable":true,"href":"https:\/\/domaine-de-chantegut.com\/en\/wp-json\/wp\/v2\/product_brand?post=550"},{"taxonomy":"product_cat","embeddable":true,"href":"https:\/\/domaine-de-chantegut.com\/en\/wp-json\/wp\/v2\/product_cat?post=550"},{"taxonomy":"product_tag","embeddable":true,"href":"https:\/\/domaine-de-chantegut.com\/en\/wp-json\/wp\/v2\/product_tag?post=550"},{"taxonomy":"type_custom","embeddable":true,"href":"https:\/\/domaine-de-chantegut.com\/en\/wp-json\/wp\/v2\/type_custom?post=550"}],"curies":[{"name":"wp","href":"https:\/\/api.w.org\/{rel}","templated":true}]}}